{"id":4442,"date":"2021-02-04T06:52:23","date_gmt":"2021-02-04T06:52:23","guid":{"rendered":"https:\/\/www.nova-laser.com\/gricha\/?page_id=4442"},"modified":"2021-03-09T16:34:45","modified_gmt":"2021-03-09T16:34:45","slug":"distribuidores","status":"publish","type":"page","link":"https:\/\/www.nova-laser.com\/gricha\/distribuidores\/","title":{"rendered":"Distribuidores"},"content":{"rendered":"\t\t<div data-elementor-type=\"wp-page\" data-elementor-id=\"4442\" class=\"elementor elementor-4442\">\n\t\t\t\t\t\t<section class=\"elementor-section elementor-top-section elementor-element elementor-element-5255e880 elementor-section-content-middle elementor-section-boxed elementor-section-height-default elementor-section-height-default\" data-id=\"5255e880\" data-element_type=\"section\">\n\t\t\t\t\t\t<div class=\"elementor-container elementor-column-gap-no\">\n\t\t\t\t\t<div class=\"elementor-column elementor-col-33 elementor-top-column elementor-element elementor-element-6c07653e\" data-id=\"6c07653e\" data-element_type=\"column\">\n\t\t\t<div class=\"elementor-widget-wrap elementor-element-populated\">\n\t\t\t\t\t\t<div class=\"elementor-element elementor-element-2c305da8 elementor-widget elementor-widget-heading\" data-id=\"2c305da8\" data-element_type=\"widget\" data-widget_type=\"heading.default\">\n\t\t\t\t<div class=\"elementor-widget-container\">\n\t\t\t\t\t<h3 class=\"elementor-heading-title elementor-size-default\">\u00bfQUIERES <STRONG>FORMAR PARTE<\/STRONG> DEL CAMBIO?<\/h3>\t\t\t\t<\/div>\n\t\t\t\t<\/div>\n\t\t\t\t<div class=\"elementor-element elementor-element-22c152c1 elementor-widget-divider--view-line elementor-widget elementor-widget-divider\" data-id=\"22c152c1\" data-element_type=\"widget\" data-widget_type=\"divider.default\">\n\t\t\t\t<div class=\"elementor-widget-container\">\n\t\t\t\t\t\t\t<div class=\"elementor-divider\">\n\t\t\t<span class=\"elementor-divider-separator\">\n\t\t\t\t\t\t<\/span>\n\t\t<\/div>\n\t\t\t\t\t\t<\/div>\n\t\t\t\t<\/div>\n\t\t\t\t<div class=\"elementor-element elementor-element-6eb75799 elementor-widget elementor-widget-text-editor\" data-id=\"6eb75799\" data-element_type=\"widget\" data-widget_type=\"text-editor.default\">\n\t\t\t\t<div class=\"elementor-widget-container\">\n\t\t\t\t\t\t\t\t\tConvi\u00e9rtete en un agente de cambio y \u00fanete a este proyecto de Sustentabilidad Alimentaria, \u00a1Solo haz contacto!\t\t\t\t\t\t\t\t<\/div>\n\t\t\t\t<\/div>\n\t\t\t\t<div class=\"elementor-element elementor-element-79e99f84 elementor-widget elementor-widget-text-editor\" data-id=\"79e99f84\" data-element_type=\"widget\" data-widget_type=\"text-editor.default\">\n\t\t\t\t<div class=\"elementor-widget-container\">\n\t\t\t\t\t\t\t\t\t<p>Es muy f\u00e1cil, llena este formulario y cu\u00e9ntanos m\u00e1s de ti; En breve te enviaremos informaci\u00f3n sobre c\u00f3mo podemos trabajar juntos.<\/p><p><strong>Be a Believer, Be a GRICHER!\u00a0<\/strong><\/p>\t\t\t\t\t\t\t\t<\/div>\n\t\t\t\t<\/div>\n\t\t\t\t\t<\/div>\n\t\t<\/div>\n\t\t\t\t<div class=\"elementor-column elementor-col-33 elementor-top-column elementor-element elementor-element-7f7cd8fe\" data-id=\"7f7cd8fe\" data-element_type=\"column\">\n\t\t\t<div class=\"elementor-widget-wrap elementor-element-populated\">\n\t\t\t\t\t\t<div class=\"elementor-element elementor-element-299329d1 elementor-widget elementor-widget-image\" data-id=\"299329d1\" data-element_type=\"widget\" data-widget_type=\"image.default\">\n\t\t\t\t<div class=\"elementor-widget-container\">\n\t\t\t\t\t\t\t\t\t\t\t\t\t\t\t<img fetchpriority=\"high\" decoding=\"async\" width=\"312\" height=\"364\" src=\"https:\/\/www.nova-laser.com\/gricha\/wp-content\/uploads\/2021\/03\/nacional.jpg\" class=\"attachment-full size-full wp-image-5131\" alt=\"\" srcset=\"https:\/\/www.nova-laser.com\/gricha\/wp-content\/uploads\/2021\/03\/nacional.jpg 312w, https:\/\/www.nova-laser.com\/gricha\/wp-content\/uploads\/2021\/03\/nacional-257x300.jpg 257w, https:\/\/www.nova-laser.com\/gricha\/wp-content\/uploads\/2021\/03\/nacional-64x75.jpg 64w\" sizes=\"(max-width: 312px) 100vw, 312px\" \/>\t\t\t\t\t\t\t\t\t\t\t\t\t\t\t<\/div>\n\t\t\t\t<\/div>\n\t\t\t\t<div class=\"elementor-element elementor-element-b65ea54 elementor-align-justify elementor-widget elementor-widget-button\" data-id=\"b65ea54\" data-element_type=\"widget\" data-widget_type=\"button.default\">\n\t\t\t\t<div class=\"elementor-widget-container\">\n\t\t\t\t\t\t\t\t\t<div class=\"elementor-button-wrapper\">\n\t\t\t\t\t<a class=\"elementor-button elementor-button-link elementor-size-xs\" href=\"#elementor-action%3Aaction%3Dpopup%3Aopen%26settings%3DeyJpZCI6IjQ0NTIiLCJ0b2dnbGUiOmZhbHNlfQ%3D%3D\">\n\t\t\t\t\t\t<span class=\"elementor-button-content-wrapper\">\n\t\t\t\t\t\t\t\t\t<span class=\"elementor-button-text\">DISTRIBUIDOR NACIONAL<\/span>\n\t\t\t\t\t<\/span>\n\t\t\t\t\t<\/a>\n\t\t\t\t<\/div>\n\t\t\t\t\t\t\t\t<\/div>\n\t\t\t\t<\/div>\n\t\t\t\t\t<\/div>\n\t\t<\/div>\n\t\t\t\t<div class=\"elementor-column elementor-col-33 elementor-top-column elementor-element elementor-element-6424c9c5\" data-id=\"6424c9c5\" data-element_type=\"column\">\n\t\t\t<div class=\"elementor-widget-wrap elementor-element-populated\">\n\t\t\t\t\t\t<div class=\"elementor-element elementor-element-1e905dd7 elementor-widget elementor-widget-image\" data-id=\"1e905dd7\" data-element_type=\"widget\" data-widget_type=\"image.default\">\n\t\t\t\t<div class=\"elementor-widget-container\">\n\t\t\t\t\t\t\t\t\t\t\t\t\t\t\t<img decoding=\"async\" width=\"312\" height=\"364\" src=\"https:\/\/www.nova-laser.com\/gricha\/wp-content\/uploads\/2021\/03\/internacional.jpg\" class=\"attachment-full size-full wp-image-5132\" alt=\"\" srcset=\"https:\/\/www.nova-laser.com\/gricha\/wp-content\/uploads\/2021\/03\/internacional.jpg 312w, https:\/\/www.nova-laser.com\/gricha\/wp-content\/uploads\/2021\/03\/internacional-257x300.jpg 257w, https:\/\/www.nova-laser.com\/gricha\/wp-content\/uploads\/2021\/03\/internacional-64x75.jpg 64w\" sizes=\"(max-width: 312px) 100vw, 312px\" \/>\t\t\t\t\t\t\t\t\t\t\t\t\t\t\t<\/div>\n\t\t\t\t<\/div>\n\t\t\t\t<div class=\"elementor-element elementor-element-f403d14 elementor-align-justify elementor-widget elementor-widget-button\" data-id=\"f403d14\" data-element_type=\"widget\" data-widget_type=\"button.default\">\n\t\t\t\t<div class=\"elementor-widget-container\">\n\t\t\t\t\t\t\t\t\t<div class=\"elementor-button-wrapper\">\n\t\t\t\t\t<a class=\"elementor-button elementor-button-link elementor-size-xs\" href=\"#elementor-action%3Aaction%3Dpopup%3Aopen%26settings%3DeyJpZCI6IjQ0NTIiLCJ0b2dnbGUiOmZhbHNlfQ%3D%3D\">\n\t\t\t\t\t\t<span class=\"elementor-button-content-wrapper\">\n\t\t\t\t\t\t\t\t\t<span class=\"elementor-button-text\">DISTRIBUIDOR INTERNACIONAL<\/span>\n\t\t\t\t\t<\/span>\n\t\t\t\t\t<\/a>\n\t\t\t\t<\/div>\n\t\t\t\t\t\t\t\t<\/div>\n\t\t\t\t<\/div>\n\t\t\t\t\t<\/div>\n\t\t<\/div>\n\t\t\t\t\t<\/div>\n\t\t<\/section>\n\t\t\t\t<\/div>\n\t\t","protected":false},"excerpt":{"rendered":"<p>\u00bfQUIERES FORMAR PARTE DEL CAMBIO? Convi\u00e9rtete en un agente de cambio y \u00fanete a este proyecto de Sustentabilidad Alimentaria, \u00a1Solo haz contacto! Es muy f\u00e1cil, llena este formulario y cu\u00e9ntanos m\u00e1s de ti; En breve te enviaremos informaci\u00f3n sobre c\u00f3mo podemos trabajar juntos. Be a Believer, Be a GRICHER!\u00a0 DISTRIBUIDOR NACIONAL DISTRIBUIDOR INTERNACIONAL<\/p>\n","protected":false},"author":1,"featured_media":0,"parent":0,"menu_order":0,"comment_status":"closed","ping_status":"closed","template":"elementor_header_footer","meta":{"footnotes":""},"class_list":["post-4442","page","type-page","status-publish","hentry"],"_links":{"self":[{"href":"https:\/\/www.nova-laser.com\/gricha\/wp-json\/wp\/v2\/pages\/4442","targetHints":{"allow":["GET"]}}],"collection":[{"href":"https:\/\/www.nova-laser.com\/gricha\/wp-json\/wp\/v2\/pages"}],"about":[{"href":"https:\/\/www.nova-laser.com\/gricha\/wp-json\/wp\/v2\/types\/page"}],"author":[{"embeddable":true,"href":"https:\/\/www.nova-laser.com\/gricha\/wp-json\/wp\/v2\/users\/1"}],"replies":[{"embeddable":true,"href":"https:\/\/www.nova-laser.com\/gricha\/wp-json\/wp\/v2\/comments?post=4442"}],"version-history":[{"count":38,"href":"https:\/\/www.nova-laser.com\/gricha\/wp-json\/wp\/v2\/pages\/4442\/revisions"}],"predecessor-version":[{"id":5230,"href":"https:\/\/www.nova-laser.com\/gricha\/wp-json\/wp\/v2\/pages\/4442\/revisions\/5230"}],"wp:attachment":[{"href":"https:\/\/www.nova-laser.com\/gricha\/wp-json\/wp\/v2\/media?parent=4442"}],"curies":[{"name":"wp","href":"https:\/\/api.w.org\/{rel}","templated":true}]}}